{"id":2423,"date":"2022-05-17T05:48:02","date_gmt":"2022-05-17T05:48:02","guid":{"rendered":"http:\/\/192.168.0.120\/swipy\/?page_id=2423"},"modified":"2022-09-15T15:58:22","modified_gmt":"2022-09-15T13:58:22","slug":"originals","status":"publish","type":"page","link":"https:\/\/creator.bakerplus.net\/de\/originals\/","title":{"rendered":"Originals"},"content":{"rendered":"<div data-elementor-type=\"wp-page\" data-elementor-id=\"2423\" class=\"elementor elementor-2423\">\n\t\t\t\t\t\t<section class=\"elementor-section elementor-top-section elementor-element elementor-element-e517e3b elementor-section-stretched elementor-section-content-middle elementor-section-full_width elementor-section-height-default elementor-section-height-default\" data-id=\"e517e3b\" data-element_type=\"section\" data-settings=\"{&quot;stretch_section&quot;:&quot;section-stretched&quot;,&quot;background_background&quot;:&quot;classic&quot;}\">\n\t\t\t\t\t\t\t<div class=\"elementor-background-overlay\"><\/div>\n\t\t\t\t\t\t\t<div class=\"elementor-container elementor-column-gap-default\">\n\t\t\t\t\t<div class=\"elementor-column elementor-col-100 elementor-top-column elementor-element elementor-element-040b70a\" data-id=\"040b70a\" data-element_type=\"column\">\n\t\t\t<div class=\"elementor-widget-wrap elementor-element-populated\">\n\t\t\t\t\t\t<section class=\"elementor-section elementor-inner-section elementor-element elementor-element-44ac854 elementor-section-content-middle elementor-section-boxed elementor-section-height-default elementor-section-height-default\" data-id=\"44ac854\" data-element_type=\"section\">\n\t\t\t\t\t\t<div class=\"elementor-container elementor-column-gap-default\">\n\t\t\t\t\t<div class=\"elementor-column elementor-col-50 elementor-inner-column elementor-element elementor-element-f065cb6\" data-id=\"f065cb6\" data-element_type=\"column\">\n\t\t\t<div class=\"elementor-widget-wrap elementor-element-populated\">\n\t\t\t\t\t\t<div class=\"elementor-element elementor-element-799d899 elementor-absolute elementor-widget elementor-widget-rs-image\" data-id=\"799d899\" data-element_type=\"widget\" data-settings=\"{&quot;_position&quot;:&quot;absolute&quot;}\" data-widget_type=\"rs-image.default\">\n\t\t\t\t<div class=\"elementor-widget-container\">\n\t\t\t\t\t\n        <div class=\"rs-image yes\">\n                            <img decoding=\"async\" class=\"rs-multi-image scale_style reverse-\" src=\"https:\/\/rstheme.com\/products\/wordpress\/swipy\/wp-content\/uploads\/2022\/05\/circle_shape_P.png\" alt=\"image\"\/>\n                                    <\/div>     \n    \t\t\t\t<\/div>\n\t\t\t\t<\/div>\n\t\t\t\t<div class=\"elementor-element elementor-element-a0c5325 elementor-widget elementor-widget-rs-heading\" data-id=\"a0c5325\" data-element_type=\"widget\" data-widget_type=\"rs-heading.default\">\n\t\t\t\t<div class=\"elementor-widget-container\">\n\t\t\t\t\t\n        <div class=\"prelements-heading default animate-\">\n\n\n\n        \t<div class=\"title-inner\">        \t\t      \t\t\n\t            <span class=\"sub-text\">Originals<\/span><h1 class=\"title\"><span class=\"watermark\"><\/span>Einige von unseren besten <span>Machinimas<\/span><\/h1>\t\t\t\t\n\t\t\t\t\t        <\/div>\n\t                    \t<div class=\"description\">\n            \t\t            \t\t<p>Seit 2021 produzieren wir Original-Inhalte, die h\u00f6chste Qualit\u00e4t bieten und Grenzen verschieben. Erfahren Sie hier mehr \u00fcber unsere aktuellen und kommenden Orginals.<\/p>  \n            \t<\/div>\n        \t        <\/div>\n        \t\t\t\t<\/div>\n\t\t\t\t<\/div>\n\t\t\t\t<div class=\"elementor-element elementor-element-1afa4b8 elementor-absolute elementor-widget elementor-widget-rs-image\" data-id=\"1afa4b8\" data-element_type=\"widget\" data-settings=\"{&quot;_position&quot;:&quot;absolute&quot;}\" data-widget_type=\"rs-image.default\">\n\t\t\t\t<div class=\"elementor-widget-container\">\n\t\t\t\t\t\n        <div class=\"rs-image yes\">\n                            <img decoding=\"async\" class=\"rs-multi-image spin_style reverse-disable\" src=\"https:\/\/rstheme.com\/products\/wordpress\/swipy\/wp-content\/uploads\/2022\/05\/port_frame.png\" alt=\"image\"\/>\n                                    <\/div>     \n    \t\t\t\t<\/div>\n\t\t\t\t<\/div>\n\t\t\t\t\t<\/div>\n\t\t<\/div>\n\t\t\t\t<div class=\"elementor-column elementor-col-50 elementor-inner-column elementor-element elementor-element-a649f63\" data-id=\"a649f63\" data-element_type=\"column\" data-settings=\"{&quot;background_background&quot;:&quot;classic&quot;}\">\n\t\t\t<div class=\"elementor-widget-wrap elementor-element-populated\">\n\t\t\t\t\t\t<div class=\"elementor-element elementor-element-de2120c elementor-widget elementor-widget-rs-image-hover\" data-id=\"de2120c\" data-element_type=\"widget\" data-widget_type=\"rs-image-hover.default\">\n\t\t\t\t<div class=\"elementor-widget-container\">\n\t\t\t\t\t\t\t<div class=\"elementor-image\">\n\t\t\t<div class=\"image titlt\" data-tilt data-tilt-max=\"3\">\n\t\t\t\n\t\t\t\t\t\t\t\t\t<img fetchpriority=\"high\" decoding=\"async\" width=\"1600\" height=\"600\" src=\"https:\/\/creator.bakerplus.net\/wp-content\/uploads\/2022\/09\/B-Original-Logo-1.png\" class=\"attachment-full size-full wp-image-9243\" alt=\"\" \/>\t\t\t\t\t\t\t\t\t\t\t\t\n\t\t\t<\/div>\n\t\t<\/div>\n\t\t\t\t\t\t<\/div>\n\t\t\t\t<\/div>\n\t\t\t\t<div class=\"elementor-element elementor-element-328ae09 elementor-absolute elementor-widget elementor-widget-rs-image\" data-id=\"328ae09\" data-element_type=\"widget\" data-settings=\"{&quot;_position&quot;:&quot;absolute&quot;}\" data-widget_type=\"rs-image.default\">\n\t\t\t\t<div class=\"elementor-widget-container\">\n\t\t\t\t\t\n        <div class=\"rs-image yes\">\n                            <img decoding=\"async\" class=\"rs-multi-image veritcal reverse-\" src=\"https:\/\/rstheme.com\/products\/wordpress\/swipy\/wp-content\/uploads\/2022\/05\/line_shape1.png\" alt=\"image\"\/>\n                                    <\/div>     \n    \t\t\t\t<\/div>\n\t\t\t\t<\/div>\n\t\t\t\t\t<\/div>\n\t\t<\/div>\n\t\t\t\t\t<\/div>\n\t\t<\/section>\n\t\t\t\t\t<\/div>\n\t\t<\/div>\n\t\t\t\t\t<\/div>\n\t\t<\/section>\n\t\t\t\t<section class=\"elementor-section elementor-top-section elementor-element elementor-element-47365fe elementor-section-stretched elementor-section-boxed elementor-section-height-default elementor-section-height-default\" data-id=\"47365fe\" data-element_type=\"section\" data-settings=\"{&quot;stretch_section&quot;:&quot;section-stretched&quot;,&quot;background_background&quot;:&quot;classic&quot;}\">\n\t\t\t\t\t\t<div class=\"elementor-container elementor-column-gap-default\">\n\t\t\t\t\t<div class=\"elementor-column elementor-col-100 elementor-top-column elementor-element elementor-element-b951dc8\" data-id=\"b951dc8\" data-element_type=\"column\">\n\t\t\t<div class=\"elementor-widget-wrap elementor-element-populated\">\n\t\t\t\t\t\t<section class=\"elementor-section elementor-inner-section elementor-element elementor-element-e167aa3 elementor-section-content-middle elementor-section-boxed elementor-section-height-default elementor-section-height-default\" data-id=\"e167aa3\" data-element_type=\"section\">\n\t\t\t\t\t\t<div class=\"elementor-container elementor-column-gap-default\">\n\t\t\t\t\t<div class=\"elementor-column elementor-col-100 elementor-inner-column elementor-element elementor-element-78e32a4\" data-id=\"78e32a4\" data-element_type=\"column\">\n\t\t\t<div class=\"elementor-widget-wrap elementor-element-populated\">\n\t\t\t\t\t\t<div class=\"elementor-element elementor-element-5b35a78 elementor-widget elementor-widget-rs-heading\" data-id=\"5b35a78\" data-element_type=\"widget\" data-widget_type=\"rs-heading.default\">\n\t\t\t\t<div class=\"elementor-widget-container\">\n\t\t\t\t\t\n        <div class=\"prelements-heading default animate- center\">\n\n\n\n        \t<div class=\"title-inner\">        \t\t      \t\t\n\t            <span class=\"sub-text\">Portfolio<\/span><h2 class=\"title\"><span class=\"watermark\"><\/span>Unsere neuesten <span>Originals<\/span><\/h2>\t\t\t\t\n\t\t\t\t\t        <\/div>\n\t                <\/div>\n        \t\t\t\t<\/div>\n\t\t\t\t<\/div>\n\t\t\t\t\t<\/div>\n\t\t<\/div>\n\t\t\t\t\t<\/div>\n\t\t<\/section>\n\t\t\t\t<section class=\"elementor-section elementor-inner-section elementor-element elementor-element-9067fd6 elementor-section-boxed elementor-section-height-default elementor-section-height-default\" data-id=\"9067fd6\" data-element_type=\"section\">\n\t\t\t\t\t\t<div class=\"elementor-container elementor-column-gap-default\">\n\t\t\t\t\t<div class=\"elementor-column elementor-col-100 elementor-inner-column elementor-element elementor-element-7633517\" data-id=\"7633517\" data-element_type=\"column\">\n\t\t\t<div class=\"elementor-widget-wrap elementor-element-populated\">\n\t\t\t\t\t\t<div class=\"elementor-element elementor-element-894430d elementor-widget elementor-widget-rsportfolio\" data-id=\"894430d\" data-element_type=\"widget\" data-widget_type=\"rsportfolio.default\">\n\t\t\t\t<div class=\"elementor-widget-container\">\n\t\t\t\t\t\t\t<div class=\"rs-portfolio-style1 rsaddon_pro_box\">\n\t\t\t<div class=\"row\">\n\n\t\t\t    \r\n\t\t<div class=\"col-lg-3 col-md-6 col-xs-1 grid-item\">\r\n\t\t\t<div class=\"portfolio-item content-overlay\">\r\n\t\t\t\t\t\t\t\t\t<a href=\"https:\/\/creator.bakerplus.net\/de\/portfolios\/abfahrt-2021\/\">\r\n                    <div class=\"portfolio-img\">\r\n                    \t<img decoding=\"async\" width=\"640\" height=\"360\" src=\"https:\/\/creator.bakerplus.net\/wp-content\/uploads\/2022\/09\/Baker_Front.jpg\" class=\"attachment-large size-large wp-post-image\" alt=\"\" \/>                    \t                    <\/div>\r\n                    <\/a>\r\n                \r\n                <div class=\"portfolio-details\">\r\n                \t<p class=\"p-category\"> <a href=\"https:\/\/creator.bakerplus.net\/de\/portfolio-category\/original\/\" rel=\"tag\">Original<\/a><\/p>\r\n                \t                \t\t<h3 class=\"p-title\">\r\n                \t\t\t                \t\t\t\t<a href=\"https:\/\/creator.bakerplus.net\/de\/portfolios\/abfahrt-2021\/\" >Abfahrt (2021)<\/a>\r\n                \t\t\t                \t\t<\/h3>\r\n                \t                \t\r\n                <\/div>\r\n            <\/div>\r\n\t\t<\/div>\r\n\r\n\t\t<!-- Popup Content Information -->\r\n\t\t<div id=\"rs_port_1\" class=\"rspopup_style1 mfp-with-anim mfp-hide\" >\r\n\t\t\t\t\t\t\t\r\n\t\t\t<div class=\"rsteam_content\">\r\n\t\t\t\t<h3 class=\"title\" >Abfahrt (2021)<\/h3>\r\n\t\t\t\t<div class=\"team-des\" >\r\n\t\t\t\t\t<p><span class=\"style-scope yt-formatted-string\" dir=\"auto\">ABFAHRT erz\u00e4hlt die Geschichte einer deutschen Eliteeinheit namens \"Der Stammtisch\". Sie werden oft als Clowns bezeichnet und haben den Auftrag, die feindliche Basis zu infiltrieren und so viele Informationen wie m\u00f6glich zu sammeln. Klingt einfach, oder? <\/span><\/p>\n<p><span class=\"style-scope yt-formatted-string\" dir=\"auto\">Abfahrt jetzt hier streamen: <\/span><a class=\"yt-simple-endpoint style-scope yt-formatted-string\" dir=\"auto\" spellcheck=\"false\" href=\"https:\/\/www.youtube.com\/redirect?event=video_description&amp;redir_token=QUFFLUhqbWRCb09IUW1QeXo1SHVjSzR5Q2dRUHlBVVNvZ3xBQ3Jtc0tuQW04X2xWWFZjUGZ5THhBdkl2Zmg3UmZWXzZfZC1mcllWdnFzalpteWhaU0F5QkNKYXk3UVhhaGtnRkJWQlp6M1hDTTNfdlktb3d4QzhNMlVobmYwVy1ucFRkbjhjaEE1Vk9WS2liOF92SlllOFdYNA&amp;q=https%3A%2F%2Fbakerplus.net%2Ftitle%2Fabfahrt&amp;v=_ao7zbB5Klg\" target=\"_blank\" rel=\"nofollow noopener\">https:\/\/bakerplus.net\/title\/abfahrt<\/a><\/p>\n<p><strong>Regie &amp; Buch:<\/strong>\u00a0Louis Angerer<br \/>\n<strong>Produktion:<\/strong>\u00a0Fabian Siebecke, Niels Gys<br \/>\n<strong>Komponiert von:<\/strong>\u00a0Alexander Rose<br \/>\n<strong>Mit:<\/strong>\u00a0Louis Angerer, Viktoria Eichner, Marvin Angerer, Yannick Foth, Cornelius Debler, Jonas Huber, Hannes Hofmann, Gipman and Florian Halm<\/p>\n<p><strong>Produktionsfirma:\u00a0<\/strong>ARCEE Studios<\/p>\n\t\t\t\t<\/div>\r\n\r\n\t\t\t\t<ul class=\"project-info\" >\r\n\t\t\t\t\t\r\n\t\t\t\t\t\t\t\t\t\t\r\n\t\t\t\t\t\t\t\t\t\t\r\n\t\t\t\t\t\t\t\t\t\t\r\n\t\t\t\t\t\t\t\t\t\t\r\n\t\t\t\t\t\t\t\t\t<\/ul>\r\n\t\t\t<\/div>\t\t\t\r\n\t\t\t\r\n\t\t<\/div>\r\n\t\r\n\t\t<div class=\"col-lg-3 col-md-6 col-xs-1 grid-item\">\r\n\t\t\t<div class=\"portfolio-item content-overlay\">\r\n\t\t\t\t\t\t\t\t\t<a href=\"https:\/\/creator.bakerplus.net\/de\/portfolios\/malaika-2019\/\">\r\n                    <div class=\"portfolio-img\">\r\n                    \t<img decoding=\"async\" width=\"640\" height=\"360\" src=\"https:\/\/creator.bakerplus.net\/wp-content\/uploads\/2022\/09\/rsz_segment_malaika.png\" class=\"attachment-large size-large wp-post-image\" alt=\"\" \/>                    \t                    <\/div>\r\n                    <\/a>\r\n                \r\n                <div class=\"portfolio-details\">\r\n                \t<p class=\"p-category\"> <a href=\"https:\/\/creator.bakerplus.net\/de\/portfolio-category\/original\/\" rel=\"tag\">Original<\/a><\/p>\r\n                \t                \t\t<h3 class=\"p-title\">\r\n                \t\t\t                \t\t\t\t<a href=\"https:\/\/creator.bakerplus.net\/de\/portfolios\/malaika-2019\/\" >MALAIKA (2019)<\/a>\r\n                \t\t\t                \t\t<\/h3>\r\n                \t                \t\r\n                <\/div>\r\n            <\/div>\r\n\t\t<\/div>\r\n\r\n\t\t<!-- Popup Content Information -->\r\n\t\t<div id=\"rs_port_2\" class=\"rspopup_style1 mfp-with-anim mfp-hide\" >\r\n\t\t\t\t\t\t\t\r\n\t\t\t<div class=\"rsteam_content\">\r\n\t\t\t\t<h3 class=\"title\" >MALAIKA (2019)<\/h3>\r\n\t\t\t\t<div class=\"team-des\" >\r\n\t\t\t\t\t<p>Eine dramatische und fesselnde Geschichte \u00fcber ein junges M\u00e4dchen und ihren \u00e4lteren Bruder, der zum Milit\u00e4r eingezogen und zu einer Mission entsandt wird, die ihn f\u00fcr lange Zeit von seiner Schwester trennt. Sogar l\u00e4nger, als alle erwartet haben...<\/p>\n<p><strong>Regie &amp; Buch:<\/strong>\u00a0Louis Angerer<br \/>\n<strong>Geschichte von:<\/strong>\u00a0Sabine Ludwig<br \/>\n<strong>Komponiert von:<\/strong>\u00a0Alexander Rose<br \/>\n<strong>Mit:<\/strong>\u00a0Aivi Dam, Daniel Acosta and Amanda McKnight<\/p>\n<p><strong>Produktionsfirma:\u00a0<\/strong>ARCEE Studios<\/p>\n\t\t\t\t<\/div>\r\n\r\n\t\t\t\t<ul class=\"project-info\" >\r\n\t\t\t\t\t\r\n\t\t\t\t\t\t\t\t\t\t\r\n\t\t\t\t\t\t\t\t\t\t\r\n\t\t\t\t\t\t\t\t\t\t\r\n\t\t\t\t\t\t\t\t\t\t\r\n\t\t\t\t\t\t\t\t\t<\/ul>\r\n\t\t\t<\/div>\t\t\t\r\n\t\t\t\r\n\t\t<\/div>\r\n\t\r\n\t\t<div class=\"col-lg-3 col-md-6 col-xs-1 grid-item\">\r\n\t\t\t<div class=\"portfolio-item content-overlay\">\r\n\t\t\t\t\t\t\t\t\t<a href=\"https:\/\/creator.bakerplus.net\/de\/portfolios\/outrun-2021\/\">\r\n                    <div class=\"portfolio-img\">\r\n                    \t<img loading=\"lazy\" decoding=\"async\" width=\"640\" height=\"360\" src=\"https:\/\/creator.bakerplus.net\/wp-content\/uploads\/2022\/09\/rsz_outrun_thumbnail_only.png\" class=\"attachment-large size-large wp-post-image\" alt=\"\" \/>                    \t                    <\/div>\r\n                    <\/a>\r\n                \r\n                <div class=\"portfolio-details\">\r\n                \t<p class=\"p-category\"> <a href=\"https:\/\/creator.bakerplus.net\/de\/portfolio-category\/original\/\" rel=\"tag\">Original<\/a><\/p>\r\n                \t                \t\t<h3 class=\"p-title\">\r\n                \t\t\t                \t\t\t\t<a href=\"https:\/\/creator.bakerplus.net\/de\/portfolios\/outrun-2021\/\" >Outrun (2021)<\/a>\r\n                \t\t\t                \t\t<\/h3>\r\n                \t                \t\r\n                <\/div>\r\n            <\/div>\r\n\t\t<\/div>\r\n\r\n\t\t<!-- Popup Content Information -->\r\n\t\t<div id=\"rs_port_3\" class=\"rspopup_style1 mfp-with-anim mfp-hide\" >\r\n\t\t\t\t\t\t\t\r\n\t\t\t<div class=\"rsteam_content\">\r\n\t\t\t\t<h3 class=\"title\" >Outrun (2021)<\/h3>\r\n\t\t\t\t<div class=\"team-des\" >\r\n\t\t\t\t\t<p>Nach einer tragischen Entf\u00fchrung, die ihn gebrochen und allein zur\u00fcckl\u00e4sst, muss ein ehemaliger krimineller \"Fixer\" in die d\u00fcstere Unterwelt von Los Angeles reisen, um seine Geliebte zu retten und Antworten zu finden. Es dauert nicht lange, bis er sich in einer surrealen Odyssee aus Mord, Betrug und gnadenloser Brutalit\u00e4t wiederfindet.<\/p>\n<p><strong>Regie und Buch:<\/strong> Luke Anderson<br \/>\n<strong>Produktion:<\/strong> Fabian Siebecke, Niels Gys<br \/>\n<strong>Mit:<\/strong> Sam D&#8217;arcy, Rachel Max, Alvin Lai, Lena Garcia, Gerald Sourcie, Patrick Vierzba, Marshall Adamson, Adam Wolf<\/p>\n\t\t\t\t<\/div>\r\n\r\n\t\t\t\t<ul class=\"project-info\" >\r\n\t\t\t\t\t\r\n\t\t\t\t\t\t\t\t\t\t\r\n\t\t\t\t\t\t\t\t\t\t\r\n\t\t\t\t\t\t\t\t\t\t\r\n\t\t\t\t\t\t\t\t\t\t\r\n\t\t\t\t\t\t\t\t\t<\/ul>\r\n\t\t\t<\/div>\t\t\t\r\n\t\t\t\r\n\t\t<\/div>\r\n\t\t\t\t<\/div>\n\t\t<\/div>\n\t\n\t\t\t\t\t<\/div>\n\t\t\t\t<\/div>\n\t\t\t\t<div class=\"elementor-element elementor-element-bb7a968 elementor-widget__width-initial elementor-absolute elementor-widget elementor-widget-rs-image\" data-id=\"bb7a968\" data-element_type=\"widget\" data-settings=\"{&quot;_position&quot;:&quot;absolute&quot;}\" data-widget_type=\"rs-image.default\">\n\t\t\t\t<div class=\"elementor-widget-container\">\n\t\t\t\t\t\n        <div class=\"rs-image yes\">\n                    <\/div>     \n    \t\t\t\t<\/div>\n\t\t\t\t<\/div>\n\t\t\t\t\t<\/div>\n\t\t<\/div>\n\t\t\t\t\t<\/div>\n\t\t<\/section>\n\t\t\t\t\t<\/div>\n\t\t<\/div>\n\t\t\t\t\t<\/div>\n\t\t<\/section>\n\t\t\t\t<\/div>","protected":false},"excerpt":{"rendered":"<p>Originals Some of our best machinimas Since 2021, we are producing original content that aims to have the highest quality and push boundaries up. Learn about our current and upcoming Orginals here. portfolio Our Latest Originals Original Abfahrt (2021) Abfahrt (2021) ABFAHRT tells the story of a German Elite Unit called &#8216;The Stammtisch&#8217;. Often referred&#8230;<\/p>","protected":false},"author":1,"featured_media":0,"parent":0,"menu_order":0,"comment_status":"closed","ping_status":"closed","template":"","meta":{"footnotes":""},"class_list":["post-2423","page","type-page","status-publish","hentry"],"_links":{"self":[{"href":"https:\/\/creator.bakerplus.net\/de\/wp-json\/wp\/v2\/pages\/2423","targetHints":{"allow":["GET"]}}],"collection":[{"href":"https:\/\/creator.bakerplus.net\/de\/wp-json\/wp\/v2\/pages"}],"about":[{"href":"https:\/\/creator.bakerplus.net\/de\/wp-json\/wp\/v2\/types\/page"}],"author":[{"embeddable":true,"href":"https:\/\/creator.bakerplus.net\/de\/wp-json\/wp\/v2\/users\/1"}],"replies":[{"embeddable":true,"href":"https:\/\/creator.bakerplus.net\/de\/wp-json\/wp\/v2\/comments?post=2423"}],"version-history":[{"count":17,"href":"https:\/\/creator.bakerplus.net\/de\/wp-json\/wp\/v2\/pages\/2423\/revisions"}],"predecessor-version":[{"id":9472,"href":"https:\/\/creator.bakerplus.net\/de\/wp-json\/wp\/v2\/pages\/2423\/revisions\/9472"}],"wp:attachment":[{"href":"https:\/\/creator.bakerplus.net\/de\/wp-json\/wp\/v2\/media?parent=2423"}],"curies":[{"name":"wp","href":"https:\/\/api.w.org\/{rel}","templated":true}]}}