{"id":9398,"date":"2022-09-11T20:41:00","date_gmt":"2022-09-11T18:41:00","guid":{"rendered":"https:\/\/creator.bakerplus.net\/?page_id=9398"},"modified":"2022-09-11T20:50:54","modified_gmt":"2022-09-11T18:50:54","slug":"distribution-process","status":"publish","type":"page","link":"https:\/\/creator.bakerplus.net\/de\/distribution-process\/","title":{"rendered":"Distributionsprozess"},"content":{"rendered":"<div data-elementor-type=\"wp-page\" data-elementor-id=\"9398\" class=\"elementor elementor-9398\">\n\t\t\t\t\t\t<section class=\"elementor-section elementor-top-section elementor-element elementor-element-fb500bd elementor-section-boxed elementor-section-height-default elementor-section-height-default\" data-id=\"fb500bd\" data-element_type=\"section\">\n\t\t\t\t\t\t<div class=\"elementor-container elementor-column-gap-default\">\n\t\t\t\t\t<div class=\"elementor-column elementor-col-100 elementor-top-column elementor-element elementor-element-150b1b2\" data-id=\"150b1b2\" data-element_type=\"column\">\n\t\t\t<div class=\"elementor-widget-wrap elementor-element-populated\">\n\t\t\t\t\t\t<div class=\"elementor-element elementor-element-2144862 elementor-widget elementor-widget-spacer\" data-id=\"2144862\" data-element_type=\"widget\" data-widget_type=\"spacer.default\">\n\t\t\t\t<div class=\"elementor-widget-container\">\n\t\t\t\t\t\t\t<div class=\"elementor-spacer\">\n\t\t\t<div class=\"elementor-spacer-inner\"><\/div>\n\t\t<\/div>\n\t\t\t\t\t\t<\/div>\n\t\t\t\t<\/div>\n\t\t\t\t<div class=\"elementor-element elementor-element-5779c93 elementor-widget elementor-widget-heading\" data-id=\"5779c93\" data-element_type=\"widget\" data-widget_type=\"heading.default\">\n\t\t\t\t<div class=\"elementor-widget-container\">\n\t\t\t\t\t<h2 class=\"elementor-heading-title elementor-size-default\">Wir sind froh, dass du hier bist!<\/h2>\t\t\t\t<\/div>\n\t\t\t\t<\/div>\n\t\t\t\t<div class=\"elementor-element elementor-element-65c30b5 elementor-widget elementor-widget-text-editor\" data-id=\"65c30b5\" data-element_type=\"widget\" data-widget_type=\"text-editor.default\">\n\t\t\t\t<div class=\"elementor-widget-container\">\n\t\t\t\t\t\t\t\t\t<p>Es ist toll, dass du dich entschieden hast, deine Machinima auf Baker+ zu ver\u00f6ffentlichen. Eine Plattform f\u00fcr hochwertige Machinima aus aller Welt! Wir freuen uns darauf, Ihr Material zu erhalten! F\u00fcllen Sie das untenstehende Formular aus, um den Vertriebsprozess zu starten.<\/p><p>Bitte beachte, dass die blo\u00dfe Erf\u00fcllung unserer Einreichungsanforderungen keine Garantie oder Zusage f\u00fcr eine Verbreitung in irgendeiner Form darstellt. Wir werden unser Bestes tun, um dein Material so objektiv wie m\u00f6glich zu pr\u00fcfen, da wir so vielen Menschen wie m\u00f6glich einen Platz auf Baker+ geben m\u00f6chten.<br \/>Wenn du eine Serie einreichst, gebe bitte einen Link zu der Wiedergabeliste mit allen Episoden an. Wir akzeptieren nur abgeschlossene Serien. Wenn deine Serie vollst\u00e4ndig ist, aber noch nicht alle Episoden ver\u00f6ffentlicht wurden, reiche die Pilotfolge ein und erw\u00e4hne diese Tatsache in der Frage \"Sonstige Informationen\".<\/p><p>Nachdem wir deine Unterlagen erhalten haben, werden wir sie nach bestem Wissen und Gewissen pr\u00fcfen. Zu jeder Einreichung erh\u00e4ltst du eine Antwort mit unserer Entscheidung. Wenn deineProduktion nicht angenommen wurde, darfst du sie erst wieder einreichen, wenn du die m\u00f6glichen Probleme, die zur Ablehnung gef\u00fchrt haben, behoben hast (wir werden dir mitteilen, warum wir uns nicht f\u00fcr den Vertrieb entschieden haben). Wenn dein Titel f\u00fcr den Vertrieb angenommen wurde, wird der Baker+-Vertreter dich auf unserer Creator-Plattform einbinden, auf der du mit der Bereitstellung deines Titels beginnen k\u00f6nnen.<\/p>\t\t\t\t\t\t\t\t<\/div>\n\t\t\t\t<\/div>\n\t\t\t\t\t<\/div>\n\t\t<\/div>\n\t\t\t\t\t<\/div>\n\t\t<\/section>\n\t\t\t\t<section class=\"elementor-section elementor-top-section elementor-element elementor-element-785a5d9 elementor-section-boxed elementor-section-height-default elementor-section-height-default\" data-id=\"785a5d9\" data-element_type=\"section\">\n\t\t\t\t\t\t<div class=\"elementor-container elementor-column-gap-default\">\n\t\t\t\t\t<div class=\"elementor-column elementor-col-100 elementor-top-column elementor-element elementor-element-168c820\" data-id=\"168c820\" data-element_type=\"column\">\n\t\t\t<div class=\"elementor-widget-wrap elementor-element-populated\">\n\t\t\t\t\t\t<div class=\"elementor-element elementor-element-6900dec elementor-widget elementor-widget-text-editor\" data-id=\"6900dec\" data-element_type=\"widget\" data-widget_type=\"text-editor.default\">\n\t\t\t\t<div class=\"elementor-widget-container\">\n\t\t\t\t\t\t\t\t\t<p><div class=\"forminator-ui forminator-custom-form forminator-custom-form-9397 forminator-design--flat  forminator_ajax\" data-forminator-render=\"0\" data-form=\"forminator-module-9397\" data-uid=\"69e9d7feb2d7e\"><br\/><\/div><form\n\t\t\t\tid=\"forminator-module-9397\"\n\t\t\t\tclass=\"forminator-ui forminator-custom-form forminator-custom-form-9397 forminator-design--flat  forminator_ajax\"\n\t\t\t\tmethod=\"post\"\n\t\t\t\tdata-forminator-render=\"0\"\n\t\t\t\tdata-form-id=\"9397\"\n\t\t\t\t data-color-option=\"default\" data-design=\"flat\" data-grid=\"open\" style=\"display: none;\"\n\t\t\t\tdata-uid=\"69e9d7feb2d7e\" action=\"\"\n\t\t\t><div role=\"alert\" aria-live=\"polite\" class=\"forminator-response-message forminator-error\" aria-hidden=\"true\"><\/div><div class=\"forminator-row\"><div id=\"name-1\" class=\"forminator-field-name forminator-col forminator-col-6\"><div class=\"forminator-field\"><label for=\"forminator-field-name-1_69e9d7feb2d7e\" id=\"forminator-field-name-1_69e9d7feb2d7e-label\" class=\"forminator-label\">Name <span class=\"forminator-required\">*<\/span><\/label><input type=\"text\" name=\"name-1\" value=\"\" placeholder=\"z.B. John doe\" id=\"forminator-field-name-1_69e9d7feb2d7e\" class=\"forminator-input forminator-name--field\" aria-required=\"true\" autocomplete=\"name\" \/><\/div><\/div><div id=\"email-1\" class=\"forminator-field-email forminator-col forminator-col-6\"><div class=\"forminator-field\"><label for=\"forminator-field-email-1_69e9d7feb2d7e\" id=\"forminator-field-email-1_69e9d7feb2d7e-label\" class=\"forminator-label\">E-Mail Adresse <span class=\"forminator-required\">*<\/span><\/label><input type=\"email\" name=\"email-1\" value=\"\" placeholder=\"z.B. john@doe.com\" id=\"forminator-field-email-1_69e9d7feb2d7e\" class=\"forminator-input forminator-email--field\" data-required=\"1\" aria-required=\"true\" autocomplete=\"email\" \/><\/div><\/div><\/div><div class=\"forminator-row\"><div id=\"name-2\" class=\"forminator-field-name forminator-col forminator-col-6\"><div class=\"forminator-field\"><label for=\"forminator-field-name-2_69e9d7feb2d7e\" id=\"forminator-field-name-2_69e9d7feb2d7e-label\" class=\"forminator-label\">Name der Produktionsfirma<\/label><input type=\"text\" name=\"name-2\" value=\"\" placeholder=\"z.B. Minecraft Pictures\" id=\"forminator-field-name-2_69e9d7feb2d7e\" class=\"forminator-input forminator-name--field\" aria-required=\"false\" autocomplete=\"name\" aria-describedby=\"forminator-field-name-2_69e9d7feb2d7e-description\" \/><span id=\"forminator-field-name-2_69e9d7feb2d7e-description\" class=\"forminator-description\">Gebe hier den Namen der Produktionsfirma ein, die hinter diesem Machinima steht.<\/span><\/div><\/div><div id=\"name-3\" class=\"forminator-field-name forminator-col forminator-col-6\"><div class=\"forminator-field\"><label for=\"forminator-field-name-3_69e9d7feb2d7e\" id=\"forminator-field-name-3_69e9d7feb2d7e-label\" class=\"forminator-label\">Name von deinem Machinima <span class=\"forminator-required\">*<\/span><\/label><input type=\"text\" name=\"name-3\" value=\"\" placeholder=\"z.B. Machinimator 2000\" id=\"forminator-field-name-3_69e9d7feb2d7e\" class=\"forminator-input forminator-name--field\" aria-required=\"true\" autocomplete=\"name\" aria-describedby=\"forminator-field-name-3_69e9d7feb2d7e-description\" \/><span id=\"forminator-field-name-3_69e9d7feb2d7e-description\" class=\"forminator-description\">Bitte gebe den vollst\u00e4ndigen Namen deiner Machinia an. Wenn du eine Serie einreichst, bitte nenne nur den Namen der Serie, nicht der einzelnen Episoden.<\/span><\/div><\/div><\/div><div class=\"forminator-row\"><div id=\"radio-1\" class=\"forminator-field-radio forminator-col forminator-col-12\"><div role=\"radiogroup\" class=\"forminator-field\" aria-labelledby=\"forminator-radiogroup-radio-1-69e9d7feb2d7e-label\"><span id=\"forminator-radiogroup-radio-1-69e9d7feb2d7e-label\" class=\"forminator-label\">Welches Format ist dein Machinima? <span class=\"forminator-required\">*<\/span><\/span><label id=\"forminator-field-radio-1-label-1\" for=\"forminator-field-radio-1-1-69e9d7feb2d7e\" class=\"forminator-radio\" title=\"Kurzfilm (bis zu 40 Minuten)\"><input type=\"radio\" name=\"radio-1\" value=\"Short-Film-(Five-to-40-Minutes)\" id=\"forminator-field-radio-1-1-69e9d7feb2d7e\" aria-labelledby=\"forminator-field-radio-1-label-1\" data-calculation=\"0\"  \/><span class=\"forminator-radio-bullet\" aria-hidden=\"true\"><\/span><span class=\"forminator-radio-label\">Kurzfilm (bis zu 40 Minuten)<\/span><\/label><label id=\"forminator-field-radio-1-label-2\" for=\"forminator-field-radio-1-2-69e9d7feb2d7e\" class=\"forminator-radio\" title=\"Spielfilm (40 Minuten und l\u00e4nger)\"><input type=\"radio\" name=\"radio-1\" value=\"Feature-Film-(40-Minutes-and-above)\" id=\"forminator-field-radio-1-2-69e9d7feb2d7e\" aria-labelledby=\"forminator-field-radio-1-label-2\" data-calculation=\"0\"  \/><span class=\"forminator-radio-bullet\" aria-hidden=\"true\"><\/span><span class=\"forminator-radio-label\">Spielfilm (40 Minuten und l\u00e4nger)<\/span><\/label><label id=\"forminator-field-radio-1-label-3\" for=\"forminator-field-radio-1-3-69e9d7feb2d7e\" class=\"forminator-radio\" title=\"Serie (Vier oder mehr Episoden)\"><input type=\"radio\" name=\"radio-1\" value=\"Series-(Four-episodes-and-more)\" id=\"forminator-field-radio-1-3-69e9d7feb2d7e\" aria-labelledby=\"forminator-field-radio-1-label-3\" data-calculation=\"0\"  \/><span class=\"forminator-radio-bullet\" aria-hidden=\"true\"><\/span><span class=\"forminator-radio-label\">Serie (Vier oder mehr Episoden)<\/span><\/label><label id=\"forminator-field-radio-1-label-4\" for=\"forminator-field-radio-1-4-69e9d7feb2d7e\" class=\"forminator-radio\" title=\"Dokumentation\"><input type=\"radio\" name=\"radio-1\" value=\"Documentary\" id=\"forminator-field-radio-1-4-69e9d7feb2d7e\" aria-labelledby=\"forminator-field-radio-1-label-4\" data-calculation=\"0\"  \/><span class=\"forminator-radio-bullet\" aria-hidden=\"true\"><\/span><span class=\"forminator-radio-label\">Dokumentation<\/span><\/label><\/div><\/div><\/div><div class=\"forminator-row\"><div id=\"textarea-1\" class=\"forminator-field-textarea forminator-col forminator-col-12\"><div class=\"forminator-field\"><label for=\"forminator-field-textarea-1_69e9d7feb2d7e\" id=\"forminator-field-textarea-1_69e9d7feb2d7e-label\" class=\"forminator-label\">Kurze Beschreibung deiner Machinima <span class=\"forminator-required\">*<\/span><\/label><textarea name=\"textarea-1\" placeholder=\"z.B. Meine Machinima handelt von...\" id=\"forminator-field-textarea-1_69e9d7feb2d7e\" class=\"forminator-textarea\" rows=\"6\" style=\"min-height:140px;\" aria-describedby=\"forminator-field-textarea-1_69e9d7feb2d7e-description\" ><\/textarea><span id=\"forminator-field-textarea-1_69e9d7feb2d7e-description\" class=\"forminator-description\">Bitte gebe eine kurze Beschreibung oder eine Logline von deiner Machinima.<\/span><\/div><\/div><\/div><div class=\"forminator-row\"><div id=\"url-1\" class=\"forminator-field-url forminator-col forminator-col-6\"><div class=\"forminator-field\"><label for=\"forminator-field-url-1_69e9d7feb2d7e\" id=\"forminator-field-url-1_69e9d7feb2d7e-label\" class=\"forminator-label\">Link zu deiner Machinima <span class=\"forminator-required\">*<\/span><\/label><input type=\"url\" name=\"url-1\" value=\"\" placeholder=\"z.B. http:\/\/www.youtube.com\/watch\" id=\"forminator-field-url-1_69e9d7feb2d7e\" class=\"forminator-input forminator-website--field\" data-required=\"1\" aria-required=\"true\" aria-describedby=\"forminator-field-url-1_69e9d7feb2d7e-description\" \/><span id=\"forminator-field-url-1_69e9d7feb2d7e-description\" class=\"forminator-description\">Bitte gebe einen direkten Link zu deiner Machinima an.<\/span><\/div><\/div><div id=\"url-2\" class=\"forminator-field-url forminator-col forminator-col-6\"><div class=\"forminator-field\"><label for=\"forminator-field-url-2_69e9d7feb2d7e\" id=\"forminator-field-url-2_69e9d7feb2d7e-label\" class=\"forminator-label\">Link zu dem Trailer<\/label><input type=\"url\" name=\"url-2\" value=\"\" placeholder=\"z.B. http:\/\/www.youtube.com\/watch\" id=\"forminator-field-url-2_69e9d7feb2d7e\" class=\"forminator-input forminator-website--field\" data-required=\"\" aria-required=\"false\" aria-describedby=\"forminator-field-url-2_69e9d7feb2d7e-description\" \/><span id=\"forminator-field-url-2_69e9d7feb2d7e-description\" class=\"forminator-description\">Bitte gebe einen direkten Link zu deinem Trailer an.<\/span><\/div><\/div><\/div><div class=\"forminator-row\"><div id=\"textarea-2\" class=\"forminator-field-textarea forminator-col forminator-col-12\"><div class=\"forminator-field\"><label for=\"forminator-field-textarea-2_69e9d7feb2d7e\" id=\"forminator-field-textarea-2_69e9d7feb2d7e-label\" class=\"forminator-label\">Andere Informationen<\/label><textarea name=\"textarea-2\" placeholder=\"\" id=\"forminator-field-textarea-2_69e9d7feb2d7e\" class=\"forminator-textarea\" rows=\"6\" style=\"min-height:140px;\" aria-describedby=\"forminator-field-textarea-2_69e9d7feb2d7e-description\" ><\/textarea><span id=\"forminator-field-textarea-2_69e9d7feb2d7e-description\" class=\"forminator-description\">Wenn du uns noch etwas anderes mitteilen m\u00f6chtest, was hilfreich sein k\u00f6nnte, kannst du das hier schreiben.<\/span><\/div><\/div><\/div><div class=\"forminator-row\"><div id=\"consent-1\" class=\"forminator-field-consent forminator-col forminator-col-12\"><div class=\"forminator-field\"><label for=\"forminator-field-consent-1_69e9d7feb2d7e\" id=\"forminator-field-consent-1_69e9d7feb2d7e-label\" class=\"forminator-label\">Ich stimm zu, dass die Verbreitung ist in keinster Weise nur durch das Ausf\u00fcllen dieses Formulars guarantiert. <span class=\"forminator-required\">*<\/span><\/label><div class=\"forminator-checkbox__wrapper\"><label id=\"forminator-field-consent-1_69e9d7feb2d7e__label\" class=\"forminator-checkbox forminator-consent\" aria-labelledby=\"forminator-field-consent-1_69e9d7feb2d7e-label\" aria-hidden=\"true\"><input type=\"checkbox\" name=\"consent-1\" id=\"forminator-field-consent-1_69e9d7feb2d7e\" value=\"checked\" aria-labelledby=\"forminator-field-consent-1_69e9d7feb2d7e-label\" aria-describedby=\"forminator-field-consent-1_69e9d7feb2d7e__description\" data-required=\"true\" aria-required=\"true\" \/><span class=\"forminator-checkbox-box\" aria-hidden=\"true\"><\/span><\/label><div id=\"forminator-field-consent-1_69e9d7feb2d7e__description\" class=\"forminator-checkbox__label forminator-consent__label\"><p>Ja, ich stimme zu.<\/p><\/div><\/div><\/div><\/div><\/div><input type=\"hidden\" name=\"referer_url\" value=\"\" \/><div class=\"forminator-row forminator-row-last\"><div class=\"forminator-col\"><div class=\"forminator-field\"><button class=\"forminator-button forminator-button-submit\">Abschicken<\/button><\/div><\/div><\/div><input type=\"hidden\" id=\"forminator_nonce\" name=\"forminator_nonce\" value=\"c009b59efe\" \/><input type=\"hidden\" name=\"_wp_http_referer\" value=\"\/de\/wp-json\/wp\/v2\/pages\/9398\" \/><input type=\"hidden\" name=\"form_id\" value=\"9397\"><input type=\"hidden\" name=\"page_id\" value=\"9398\"><input type=\"hidden\" name=\"form_type\" value=\"default\"><input type=\"hidden\" name=\"current_url\" value=\"https:\/\/creator.bakerplus.net\/de\/distribution-process\/\"><input type=\"hidden\" name=\"render_id\" value=\"0\"><input type=\"hidden\" name=\"action\" value=\"forminator_submit_form_custom-forms\"><input type=\"hidden\" name=\"trp-form-language\" value=\"de\"\/><\/form><\/p>\t\t\t\t\t\t\t\t<\/div>\n\t\t\t\t<\/div>\n\t\t\t\t\t<\/div>\n\t\t<\/div>\n\t\t\t\t\t<\/div>\n\t\t<\/section>\n\t\t\t\t<\/div>","protected":false},"excerpt":{"rendered":"<p>We&#8217;re glad you&#8217;re here! It is great that you decided to get your machinima on Baker+. A platform for high quality machinima from all around the globe! We are looking forward to receiving your materials! Fill out the form below to start your distribution process. Please note that simply meeting our submission requirements does not&#8230;<\/p>","protected":false},"author":1,"featured_media":0,"parent":0,"menu_order":0,"comment_status":"closed","ping_status":"closed","template":"elementor_header_footer","meta":{"footnotes":""},"class_list":["post-9398","page","type-page","status-publish","hentry"],"_links":{"self":[{"href":"https:\/\/creator.bakerplus.net\/de\/wp-json\/wp\/v2\/pages\/9398","targetHints":{"allow":["GET"]}}],"collection":[{"href":"https:\/\/creator.bakerplus.net\/de\/wp-json\/wp\/v2\/pages"}],"about":[{"href":"https:\/\/creator.bakerplus.net\/de\/wp-json\/wp\/v2\/types\/page"}],"author":[{"embeddable":true,"href":"https:\/\/creator.bakerplus.net\/de\/wp-json\/wp\/v2\/users\/1"}],"replies":[{"embeddable":true,"href":"https:\/\/creator.bakerplus.net\/de\/wp-json\/wp\/v2\/comments?post=9398"}],"version-history":[{"count":4,"href":"https:\/\/creator.bakerplus.net\/de\/wp-json\/wp\/v2\/pages\/9398\/revisions"}],"predecessor-version":[{"id":9402,"href":"https:\/\/creator.bakerplus.net\/de\/wp-json\/wp\/v2\/pages\/9398\/revisions\/9402"}],"wp:attachment":[{"href":"https:\/\/creator.bakerplus.net\/de\/wp-json\/wp\/v2\/media?parent=9398"}],"curies":[{"name":"wp","href":"https:\/\/api.w.org\/{rel}","templated":true}]}}